{"id":1197,"date":"2025-07-09T13:34:56","date_gmt":"2025-07-09T11:34:56","guid":{"rendered":"https:\/\/www.clinicadentalrais.es\/politica-de-cookies\/"},"modified":"2025-09-10T19:32:23","modified_gmt":"2025-09-10T17:32:23","slug":"politica-de-cookies","status":"publish","type":"page","link":"https:\/\/www.clinicadentalrais.es\/ca\/politica-de-cookies\/","title":{"rendered":"Pol\u00edtica de Cookies"},"content":{"rendered":"\t\t<div data-elementor-type=\"wp-page\" data-elementor-id=\"1197\" class=\"elementor elementor-1197 elementor-651\" data-elementor-post-type=\"page\">\n\t\t\t\t<div class=\"elementor-element elementor-element-36b14ffb e-flex e-con-boxed e-con e-parent\" data-id=\"36b14ffb\" data-element_type=\"container\" data-e-type=\"container\" data-settings=\"{&quot;background_background&quot;:&quot;classic&quot;,&quot;jet_parallax_layout_list&quot;:[]}\">\n\t\t\t\t\t<div class=\"e-con-inner\">\n\t\t\t\t<div class=\"elementor-element elementor-element-5f449b9c elementor-widget elementor-widget-heading\" data-id=\"5f449b9c\" data-element_type=\"widget\" data-e-type=\"widget\" data-widget_type=\"heading.default\">\n\t\t\t\t<div class=\"elementor-widget-container\">\n\t\t\t\t\t<h1 class=\"elementor-heading-title elementor-size-default\">Pol\u00edtica de Cookies<\/h1>\t\t\t\t<\/div>\n\t\t\t\t<\/div>\n\t\t\t\t\t<\/div>\n\t\t\t\t<\/div>\n\t\t<div class=\"elementor-element elementor-element-9b4afbb e-flex e-con-boxed e-con e-parent\" data-id=\"9b4afbb\" data-element_type=\"container\" data-e-type=\"container\" data-settings=\"{&quot;jet_parallax_layout_list&quot;:[]}\">\n\t\t\t\t\t<div class=\"e-con-inner\">\n\t\t\t\t<div class=\"elementor-element elementor-element-32a501a elementor-widget elementor-widget-text-editor\" data-id=\"32a501a\" data-element_type=\"widget\" data-e-type=\"widget\" data-widget_type=\"text-editor.default\">\n\t\t\t\t<div class=\"elementor-widget-container\">\n\t\t\t\t\t\t\t\t\t<p>Al lloc web <strong>clinicadentalrais.es<\/strong> utilitzem cookies pr\u00f2pies i de tercers per garantir el correcte funcionament de la p\u00e0gina, analitzar la navegaci\u00f3 dels usuaris i millorar els nostres serveis.<\/p>\n\n<h3>1. Qu\u00e8 s\u00f3n les cookies?<\/h3>\n<p>Les cookies s\u00f3n petits arxius de text que s&#8217;emmagatzemen al navegador de l&#8217;usuari quan visita un lloc web. Serveixen per recordar informaci\u00f3 sobre la seva visita, com l&#8217;idioma preferit o els h\u00e0bits de navegaci\u00f3, i ajuden que l&#8217;experi\u00e8ncia sigui m\u00e9s personalitzada. <\/p>\n\n<h3>2. Tipus de cookies utilitzades<\/h3>\n\n<h4>Cookies t\u00e8cniques i funcionals<\/h4>\n<p>S\u00f3n necess\u00e0ries per al correcte funcionament del web i no requereixen consentiment. Entre elles s&#8217; inclouen: <\/p>\n<ul>\n  <li>Cookies pr\u00f2pies de WordPress per a la gesti\u00f3 de sessions i prefer\u00e8ncies b\u00e0siques.<\/li>\n  <li>Cookies de WPML per recordar l&#8217;idioma seleccionat.<\/li>\n<\/ul>\n\n<h4>Cookies d&#8217;an\u00e0lisi<\/h4>\n<p>Aquestes cookies ens permeten analitzar el comportament dels usuaris al lloc web i millorar l&#8217;experi\u00e8ncia de navegaci\u00f3. Utilitzem: <\/p>\n<ul>\n  <li>Google Analytics: Ens ajuda a entendre com interactuen els visitants amb el lloc, recopilant informaci\u00f3 de forma an\u00f2nima. M\u00e9s informaci\u00f3 en <a href=\"https:\/\/policies.google.com\/technologies\/cookies?hl=es\" target=\"_blank\">Pol\u00edtica de cookies de Google<\/a>. <\/li>\n<\/ul>\n\n<h3>3. Cookies utilitzades en aquest lloc web<\/h3>\n<table style=\"width: 100%; border: 1px solid #ccc; border-collapse: collapse;\">\n  <thead>\n    <tr>\n      <th style=\"border: 1px solid #ccc; padding: 8px;\">Nom<\/th>\n      <th style=\"border: 1px solid #ccc; padding: 8px;\">Prove\u00efdor<\/th>\n      <th style=\"border: 1px solid #ccc; padding: 8px;\">Finalitat<\/th>\n      <th style=\"border: 1px solid #ccc; padding: 8px;\">Durada<\/th>\n      <th style=\"border: 1px solid #ccc; padding: 8px;\">Tipus<\/th>\n    <\/tr>\n  <\/thead>\n  <tbody>\n    <tr>\n      <td style=\"border: 1px solid #ccc; padding: 8px;\">wp-wpml_current_language<\/td>\n      <td style=\"border: 1px solid #ccc; padding: 8px;\">Pr\u00f2pia (WPML)<\/td>\n      <td style=\"border: 1px solid #ccc; padding: 8px;\">Guardar l&#8217; idioma seleccionat per l&#8217; usuari.<\/td>\n      <td style=\"border: 1px solid #ccc; padding: 8px;\">Sessi\u00f3<\/td>\n      <td style=\"border: 1px solid #ccc; padding: 8px;\">T\u00e8cnica<\/td>\n    <\/tr>\n    <tr>\n      <td style=\"border: 1px solid #ccc; padding: 8px;\">wordpress_logged_in_[hash]<\/td>\n      <td style=\"border: 1px solid #ccc; padding: 8px;\">Pr\u00f2pia (WordPress)<\/td>\n      <td style=\"border: 1px solid #ccc; padding: 8px;\">Identificar l&#8217; usuari loguejat i la seva sessi\u00f3.<\/td>\n      <td style=\"border: 1px solid #ccc; padding: 8px;\">Sessi\u00f3<\/td>\n      <td style=\"border: 1px solid #ccc; padding: 8px;\">T\u00e8cnica<\/td>\n    <\/tr>\n    <tr>\n      <td style=\"border: 1px solid #ccc; padding: 8px;\">\n wordpress_test_cookie<\/td><td style=\"border: 1px solid #ccc; padding: 8px;\">Pr\u00f2pia (WordPress)<\/td>\n<td style=\"border: 1px solid #ccc; padding: 8px;\">Comprovar si el navegador permet l&#8217;\u00fas de cookies.<\/td>\n<td style=\"border: 1px solid #ccc; padding: 8px;\">Sessi\u00f3<\/td>\n<td style=\"border: 1px solid #ccc; padding: 8px;\">T\u00e8cnica<\/td>                        \n    <\/tr>\n    <tr>\n      <td style=\"border: 1px solid #ccc; padding: 8px;\">\n_ga<\/td><td style=\"border: 1px solid #ccc; padding: 8px;\">Google<\/td>\n<td style=\"border: 1px solid #ccc; padding: 8px;\">Distingir els usuaris (anal\u00edtica).<\/td>\n<td style=\"border: 1px solid #ccc; padding: 8px;\">2 anys<\/td>\n<td style=\"border: 1px solid #ccc; padding: 8px;\">Anal\u00edtica<\/td>                        \n    <\/tr>\n    <tr>\n      <td style=\"border: 1px solid #ccc; padding: 8px;\">\n_gid<\/td><td style=\"border: 1px solid #ccc; padding: 8px;\">Google<\/td>\n<td style=\"border: 1px solid #ccc; padding: 8px;\">Distingir sessions d&#8217;usuari (anal\u00edtica).<\/td>\n<td style=\"border: 1px solid #ccc; padding: 8px;\">24 hores<\/td>\n<td style=\"border: 1px solid #ccc; padding: 8px;\">Anal\u00edtica<\/td>                        \n    <\/tr>\n    <tr>\n      <td style=\"border: 1px solid #ccc; padding: 8px;\">\n_gat<\/td><td style=\"border: 1px solid #ccc; padding: 8px;\">Google<\/td>\n<td style=\"border: 1px solid #ccc; padding: 8px;\">Limitar el percentatge de sol\u00b7licituds.<\/td>\n<td style=\"border: 1px solid #ccc; padding: 8px;\">1 minut<\/td>\n<td style=\"border: 1px solid #ccc; padding: 8px;\">Anal\u00edtica<\/td>                        \n    <\/tr>\n  <\/tbody>\n<\/table>\n\t\t\t\t\t\t\t\t<\/div>\n\t\t\t\t<\/div>\n\t\t\t\t\t<\/div>\n\t\t\t\t<\/div>\n\t\t\t\t<\/div>\n\t\t","protected":false},"excerpt":{"rendered":"<p>Al lloc web clinicadentalrais.es utilitzem cookies pr\u00f2pies i de tercers per garantir el correcte funcionament de la p\u00e0gina, analitzar la navegaci\u00f3 dels usuaris i millorar els nostres serveis. 1. Qu\u00e8 s\u00f3n les cookies? Les cookies s\u00f3n petits arxius de text que s&#8217;emmagatzemen al navegador de l&#8217;usuari quan visita un lloc web. Serveixen per recordar informaci\u00f3 [&hellip;]<\/p>\n","protected":false},"author":1,"featured_media":0,"parent":0,"menu_order":0,"comment_status":"closed","ping_status":"closed","template":"","meta":{"footnotes":""},"class_list":["post-1197","page","type-page","status-publish","hentry"],"yoast_head":"<!-- This site is optimized with the Yoast SEO plugin v27.4 - https:\/\/yoast.com\/product\/yoast-seo-wordpress\/ -->\n<title>Pol\u00edtica de Cookies %%sepsitename%% a Terrassa<\/title>\n<meta name=\"description\" content=\"Consulta com fem servir cookies a la nostra web per millorar la teva experi\u00e8ncia. Coneix l&#039;\u00fas de cookies pr\u00f2pies, de tercers, anal\u00edtiques i de personalitzaci\u00f3.\" \/>\n<meta name=\"robots\" content=\"noindex, follow\" \/>\n<meta property=\"og:locale\" content=\"ca_ES\" \/>\n<meta property=\"og:type\" content=\"article\" \/>\n<meta property=\"og:title\" content=\"Pol\u00edtica de Cookies %%sepsitename%% a Terrassa\" \/>\n<meta property=\"og:description\" content=\"Consulta com fem servir cookies a la nostra web per millorar la teva experi\u00e8ncia. Coneix l&#039;\u00fas de cookies pr\u00f2pies, de tercers, anal\u00edtiques i de personalitzaci\u00f3.\" \/>\n<meta property=\"og:url\" content=\"https:\/\/www.clinicadentalrais.es\/ca\/politica-de-cookies\/\" \/>\n<meta property=\"og:site_name\" content=\"Cl\u00ednica Dental RAIS\" \/>\n<meta property=\"article:publisher\" content=\"https:\/\/www.facebook.com\/clinicadentalterrassa\" \/>\n<meta property=\"article:modified_time\" content=\"2025-09-10T17:32:23+00:00\" \/>\n<meta property=\"og:image\" content=\"https:\/\/www.clinicadentalrais.es\/wp-content\/uploads\/2025\/06\/Fachada-CDR-II.jpg\" \/>\n\t<meta property=\"og:image:width\" content=\"1417\" \/>\n\t<meta property=\"og:image:height\" content=\"734\" \/>\n\t<meta property=\"og:image:type\" content=\"image\/jpeg\" \/>\n<meta name=\"twitter:card\" content=\"summary_large_image\" \/>\n<meta name=\"twitter:label1\" content=\"Temps estimat de lectura\" \/>\n\t<meta name=\"twitter:data1\" content=\"1 minut\" \/>\n<script type=\"application\/ld+json\" class=\"yoast-schema-graph\">{\"@context\":\"https:\\\/\\\/schema.org\",\"@graph\":[{\"@type\":\"WebPage\",\"@id\":\"https:\\\/\\\/www.clinicadentalrais.es\\\/ca\\\/politica-de-cookies\\\/\",\"url\":\"https:\\\/\\\/www.clinicadentalrais.es\\\/ca\\\/politica-de-cookies\\\/\",\"name\":\"Pol\u00edtica de Cookies %%sepsitename%% a Terrassa\",\"isPartOf\":{\"@id\":\"https:\\\/\\\/www.clinicadentalrais.es\\\/ca\\\/#website\"},\"datePublished\":\"2025-07-09T11:34:56+00:00\",\"dateModified\":\"2025-09-10T17:32:23+00:00\",\"description\":\"Consulta com fem servir cookies a la nostra web per millorar la teva experi\u00e8ncia. Coneix l'\u00fas de cookies pr\u00f2pies, de tercers, anal\u00edtiques i de personalitzaci\u00f3.\",\"breadcrumb\":{\"@id\":\"https:\\\/\\\/www.clinicadentalrais.es\\\/ca\\\/politica-de-cookies\\\/#breadcrumb\"},\"inLanguage\":\"ca\",\"potentialAction\":[{\"@type\":\"ReadAction\",\"target\":[\"https:\\\/\\\/www.clinicadentalrais.es\\\/ca\\\/politica-de-cookies\\\/\"]}]},{\"@type\":\"BreadcrumbList\",\"@id\":\"https:\\\/\\\/www.clinicadentalrais.es\\\/ca\\\/politica-de-cookies\\\/#breadcrumb\",\"itemListElement\":[{\"@type\":\"ListItem\",\"position\":1,\"name\":\"Portada\",\"item\":\"https:\\\/\\\/www.clinicadentalrais.es\\\/ca\\\/home\\\/\"},{\"@type\":\"ListItem\",\"position\":2,\"name\":\"Pol\u00edtica de Cookies\"}]},{\"@type\":\"WebSite\",\"@id\":\"https:\\\/\\\/www.clinicadentalrais.es\\\/ca\\\/#website\",\"url\":\"https:\\\/\\\/www.clinicadentalrais.es\\\/ca\\\/\",\"name\":\"Cl\u00ednica Dental RAIS\",\"description\":\"Cl\u00ednica Dental RAIS en Terrassa. Tecnolog\u00eda y trato cercano\",\"publisher\":{\"@id\":\"https:\\\/\\\/www.clinicadentalrais.es\\\/ca\\\/#organization\"},\"alternateName\":\"Dental RAIS\",\"potentialAction\":[{\"@type\":\"SearchAction\",\"target\":{\"@type\":\"EntryPoint\",\"urlTemplate\":\"https:\\\/\\\/www.clinicadentalrais.es\\\/ca\\\/?s={search_term_string}\"},\"query-input\":{\"@type\":\"PropertyValueSpecification\",\"valueRequired\":true,\"valueName\":\"search_term_string\"}}],\"inLanguage\":\"ca\"},{\"@type\":\"Organization\",\"@id\":\"https:\\\/\\\/www.clinicadentalrais.es\\\/ca\\\/#organization\",\"name\":\"Cl\u00ednica Dental Rais\",\"alternateName\":\"Dental RAIS\",\"url\":\"https:\\\/\\\/www.clinicadentalrais.es\\\/ca\\\/\",\"logo\":{\"@type\":\"ImageObject\",\"inLanguage\":\"ca\",\"@id\":\"https:\\\/\\\/www.clinicadentalrais.es\\\/ca\\\/#\\\/schema\\\/logo\\\/image\\\/\",\"url\":\"https:\\\/\\\/www.clinicadentalrais.es\\\/wp-content\\\/uploads\\\/2025\\\/06\\\/02-dental-RAIS-Gris-600x600-1.png\",\"contentUrl\":\"https:\\\/\\\/www.clinicadentalrais.es\\\/wp-content\\\/uploads\\\/2025\\\/06\\\/02-dental-RAIS-Gris-600x600-1.png\",\"width\":600,\"height\":600,\"caption\":\"Cl\u00ednica Dental Rais\"},\"image\":{\"@id\":\"https:\\\/\\\/www.clinicadentalrais.es\\\/ca\\\/#\\\/schema\\\/logo\\\/image\\\/\"},\"sameAs\":[\"https:\\\/\\\/www.facebook.com\\\/clinicadentalterrassa\",\"https:\\\/\\\/www.instagram.com\\\/clinicadentalrais\\\/\"]}]}<\/script>\n<!-- \/ Yoast SEO plugin. -->","yoast_head_json":{"title":"Pol\u00edtica de Cookies %%sepsitename%% a Terrassa","description":"Consulta com fem servir cookies a la nostra web per millorar la teva experi\u00e8ncia. Coneix l'\u00fas de cookies pr\u00f2pies, de tercers, anal\u00edtiques i de personalitzaci\u00f3.","robots":{"index":"noindex","follow":"follow"},"og_locale":"ca_ES","og_type":"article","og_title":"Pol\u00edtica de Cookies %%sepsitename%% a Terrassa","og_description":"Consulta com fem servir cookies a la nostra web per millorar la teva experi\u00e8ncia. Coneix l'\u00fas de cookies pr\u00f2pies, de tercers, anal\u00edtiques i de personalitzaci\u00f3.","og_url":"https:\/\/www.clinicadentalrais.es\/ca\/politica-de-cookies\/","og_site_name":"Cl\u00ednica Dental RAIS","article_publisher":"https:\/\/www.facebook.com\/clinicadentalterrassa","article_modified_time":"2025-09-10T17:32:23+00:00","og_image":[{"width":1417,"height":734,"url":"https:\/\/www.clinicadentalrais.es\/wp-content\/uploads\/2025\/06\/Fachada-CDR-II.jpg","type":"image\/jpeg"}],"twitter_card":"summary_large_image","twitter_misc":{"Temps estimat de lectura":"1 minut"},"schema":{"@context":"https:\/\/schema.org","@graph":[{"@type":"WebPage","@id":"https:\/\/www.clinicadentalrais.es\/ca\/politica-de-cookies\/","url":"https:\/\/www.clinicadentalrais.es\/ca\/politica-de-cookies\/","name":"Pol\u00edtica de Cookies %%sepsitename%% a Terrassa","isPartOf":{"@id":"https:\/\/www.clinicadentalrais.es\/ca\/#website"},"datePublished":"2025-07-09T11:34:56+00:00","dateModified":"2025-09-10T17:32:23+00:00","description":"Consulta com fem servir cookies a la nostra web per millorar la teva experi\u00e8ncia. Coneix l'\u00fas de cookies pr\u00f2pies, de tercers, anal\u00edtiques i de personalitzaci\u00f3.","breadcrumb":{"@id":"https:\/\/www.clinicadentalrais.es\/ca\/politica-de-cookies\/#breadcrumb"},"inLanguage":"ca","potentialAction":[{"@type":"ReadAction","target":["https:\/\/www.clinicadentalrais.es\/ca\/politica-de-cookies\/"]}]},{"@type":"BreadcrumbList","@id":"https:\/\/www.clinicadentalrais.es\/ca\/politica-de-cookies\/#breadcrumb","itemListElement":[{"@type":"ListItem","position":1,"name":"Portada","item":"https:\/\/www.clinicadentalrais.es\/ca\/home\/"},{"@type":"ListItem","position":2,"name":"Pol\u00edtica de Cookies"}]},{"@type":"WebSite","@id":"https:\/\/www.clinicadentalrais.es\/ca\/#website","url":"https:\/\/www.clinicadentalrais.es\/ca\/","name":"Cl\u00ednica Dental RAIS","description":"Cl\u00ednica Dental RAIS en Terrassa. Tecnolog\u00eda y trato cercano","publisher":{"@id":"https:\/\/www.clinicadentalrais.es\/ca\/#organization"},"alternateName":"Dental RAIS","potentialAction":[{"@type":"SearchAction","target":{"@type":"EntryPoint","urlTemplate":"https:\/\/www.clinicadentalrais.es\/ca\/?s={search_term_string}"},"query-input":{"@type":"PropertyValueSpecification","valueRequired":true,"valueName":"search_term_string"}}],"inLanguage":"ca"},{"@type":"Organization","@id":"https:\/\/www.clinicadentalrais.es\/ca\/#organization","name":"Cl\u00ednica Dental Rais","alternateName":"Dental RAIS","url":"https:\/\/www.clinicadentalrais.es\/ca\/","logo":{"@type":"ImageObject","inLanguage":"ca","@id":"https:\/\/www.clinicadentalrais.es\/ca\/#\/schema\/logo\/image\/","url":"https:\/\/www.clinicadentalrais.es\/wp-content\/uploads\/2025\/06\/02-dental-RAIS-Gris-600x600-1.png","contentUrl":"https:\/\/www.clinicadentalrais.es\/wp-content\/uploads\/2025\/06\/02-dental-RAIS-Gris-600x600-1.png","width":600,"height":600,"caption":"Cl\u00ednica Dental Rais"},"image":{"@id":"https:\/\/www.clinicadentalrais.es\/ca\/#\/schema\/logo\/image\/"},"sameAs":["https:\/\/www.facebook.com\/clinicadentalterrassa","https:\/\/www.instagram.com\/clinicadentalrais\/"]}]}},"_links":{"self":[{"href":"https:\/\/www.clinicadentalrais.es\/ca\/wp-json\/wp\/v2\/pages\/1197","targetHints":{"allow":["GET"]}}],"collection":[{"href":"https:\/\/www.clinicadentalrais.es\/ca\/wp-json\/wp\/v2\/pages"}],"about":[{"href":"https:\/\/www.clinicadentalrais.es\/ca\/wp-json\/wp\/v2\/types\/page"}],"author":[{"embeddable":true,"href":"https:\/\/www.clinicadentalrais.es\/ca\/wp-json\/wp\/v2\/users\/1"}],"replies":[{"embeddable":true,"href":"https:\/\/www.clinicadentalrais.es\/ca\/wp-json\/wp\/v2\/comments?post=1197"}],"version-history":[{"count":0,"href":"https:\/\/www.clinicadentalrais.es\/ca\/wp-json\/wp\/v2\/pages\/1197\/revisions"}],"wp:attachment":[{"href":"https:\/\/www.clinicadentalrais.es\/ca\/wp-json\/wp\/v2\/media?parent=1197"}],"curies":[{"name":"wp","href":"https:\/\/api.w.org\/{rel}","templated":true}]}}