{"id":1276,"date":"2025-07-09T13:29:29","date_gmt":"2025-07-09T11:29:29","guid":{"rendered":"https:\/\/www.clinicadentalrais.es\/avis-legal\/"},"modified":"2025-10-08T10:23:05","modified_gmt":"2025-10-08T08:23:05","slug":"avis-legal","status":"publish","type":"page","link":"https:\/\/www.clinicadentalrais.es\/ca\/avis-legal\/","title":{"rendered":"Av\u00eds Legal"},"content":{"rendered":"\t\t<div data-elementor-type=\"wp-page\" data-elementor-id=\"1276\" class=\"elementor elementor-1276 elementor-640\" data-elementor-post-type=\"page\">\n\t\t\t\t<div class=\"elementor-element elementor-element-36b14ffb e-flex e-con-boxed e-con e-parent\" data-id=\"36b14ffb\" data-element_type=\"container\" data-e-type=\"container\" data-settings=\"{&quot;background_background&quot;:&quot;classic&quot;,&quot;jet_parallax_layout_list&quot;:[]}\">\n\t\t\t\t\t<div class=\"e-con-inner\">\n\t\t\t\t<div class=\"elementor-element elementor-element-5f449b9c elementor-widget elementor-widget-heading\" data-id=\"5f449b9c\" data-element_type=\"widget\" data-e-type=\"widget\" data-widget_type=\"heading.default\">\n\t\t\t\t<div class=\"elementor-widget-container\">\n\t\t\t\t\t<h1 class=\"elementor-heading-title elementor-size-default\">Av\u00eds Legal<\/h1>\t\t\t\t<\/div>\n\t\t\t\t<\/div>\n\t\t\t\t\t<\/div>\n\t\t\t\t<\/div>\n\t\t<div class=\"elementor-element elementor-element-9b4afbb e-flex e-con-boxed e-con e-parent\" data-id=\"9b4afbb\" data-element_type=\"container\" data-e-type=\"container\" data-settings=\"{&quot;jet_parallax_layout_list&quot;:[]}\">\n\t\t\t\t\t<div class=\"e-con-inner\">\n\t\t\t\t<div class=\"elementor-element elementor-element-32a501a elementor-widget elementor-widget-text-editor\" data-id=\"32a501a\" data-element_type=\"widget\" data-e-type=\"widget\" data-widget_type=\"text-editor.default\">\n\t\t\t\t<div class=\"elementor-widget-container\">\n\t\t\t\t\t\t\t\t\t<h3>1. Identitat del titular del web<\/h3>\n<p>En compliment del deure d&#8217;informaci\u00f3 recollit a la Llei 34\/2002, d&#8217;11 de juliol, de Serveis de la Societat de la Informaci\u00f3 i del Comer\u00e7 Electr\u00f2nic (LSSI-CE), s&#8217;informa que el titular d&#8217;aquest lloc web \u00e9s:<\/p>\n<p><strong>CL\u00cdNICA DENTAL RAIS<\/strong><br>Carrer Arqu\u00edmedes, 255-259 \u2013 08224 Terrassa (Barcelona)<br>NIF: 46337714-M<br>Tel\u00e8fon: 93 785 50 87<br>Correu electr\u00f2nic: aliciarais@gmail.com<\/p>\n\n<h3>2. Acceptaci\u00f3 de les condicions d&#8217;\u00fas<\/h3>\n<p>L&#8217;acc\u00e9s i \u00fas d&#8217;aquest lloc web atribueix la condici\u00f3 d&#8217;Usuari i suposa l&#8217;acceptaci\u00f3 plena i sense reserves de totes les cl\u00e0usules i condicions d&#8217;\u00fas incloses en el present Av\u00eds legal.<\/p>\n<p>El titular es reserva el dret a modificar en qualsevol moment aquestes condicions, per la qual cosa l&#8217; Usuari ha de revisar peri\u00f2dicament el present Av\u00eds legal.<\/p>\n\n<h3>3. \u00das correcte del lloc web<\/h3>\n<p>L&#8217;Usuari es compromet a utilitzar la web, els seus continguts i serveis conforme a la llei, el present Av\u00eds legal, els bons costums i l&#8217;ordre p\u00fablic.<\/p>\n<p>Queda prohibit l&#8217;\u00fas del lloc web amb finalitats il\u00b7l\u00edcites o lesives contra el titular o tercers, o que puguin causar dany o impedir el normal funcionament de la web.<\/p>\n<p>L&#8217;Usuari es compromet a no introduir programes, virus o altres dispositius l\u00f2gics que puguin causar qualsevol alteraci\u00f3 en els sistemes inform\u00e0tics del titular o de tercers.<\/p>\n\n<h3>4. Publicitat<\/h3>\n<p>El lloc web pot contenir continguts publicitaris o estar patrocinat. Els anunciants s\u00f3n els \u00fanics responsables d&#8217; assegurar que el material rem\u00e8s compleix amb la normativa aplicable. <\/p>\n<p>El titular no es fa responsable de qualsevol error, inexactitud o irregularitat que puguin presentar els continguts publicitaris. Per a qualsevol reclamaci\u00f3 relacionada amb aquests continguts, pot adre\u00e7ar-se a: aliciarais@gmail.com. <\/p>\n\n<h3>5. Propietat intel\u00b7lectual i industrial<\/h3>\n<p>Tots els continguts del lloc web, incloent (a t\u00edtol enunciatiu) textos, fotografies, gr\u00e0fics, imatges, icones, tecnologia, programari, aix\u00ed com el seu disseny gr\u00e0fic i codis font, s\u00f3n propietat del titular, sense que puguin entendre&#8217;s cedits a l&#8217;Usuari cap dels drets d&#8217;explotaci\u00f3 sobre els mateixos, llevat de l&#8217;estrictament necessari per a l&#8217;\u00fas correcte del lloc.<\/p>\n<p>Aix\u00ed mateix, totes les marques, noms comercials o signes distintius s\u00f3n titularitat del titular o de tercers, sense que es pugui entendre que l&#8217;acc\u00e9s al lloc web atribueixi a l&#8217;Usuari cap dret sobre ells.<\/p>\n\n<h3>6. R\u00e8gim de responsabilitat<\/h3>\n\n<h4>6.1 Responsabilitat per l&#8217; \u00fas del lloc web<\/h4>\n<p>L&#8217;Usuari \u00e9s l&#8217;\u00fanic responsable de les infraccions en qu\u00e8 pugui inc\u00f3rrer i dels perjudicis que pugui causar per l&#8217;\u00fas del lloc web.<\/p>\n<p>El titular no es fa responsable dels danys o perjudicis que poguessin derivar-se de l&#8217;\u00fas indegut del lloc web per part de l&#8217;Usuari.<\/p>\n\n<h4>6.2 Responsabilitat pel funcionament del lloc web<\/h4>\n<p>El titular no garanteix la disponibilitat i continu\u00eftat del funcionament del lloc web, podent suspendre&#8217;s per motius t\u00e8cnics, manteniment o altres causes.<\/p>\n<p>El titular no es responsabilitza dels danys o perjudicis que puguin derivar-se d&#8217; interfer\u00e8ncies, omissions, interrupcions, virus inform\u00e0tics o desconnexions motivades per causes alienes.<\/p>\n\n<h4>6.3 Responsabilitat per enlla\u00e7os<\/h4>\n<p>Els enlla\u00e7os o links cap a altres llocs web que figurin en aquesta web s\u00f3n proporcionats \u00fanicament a efectes informatius i no suposen suggeriment, invitaci\u00f3 o recomanaci\u00f3.<\/p>\n<p>El titular no assumeix responsabilitat pels continguts d&#8217; aquests enlla\u00e7os externs ni pels danys que puguin derivar-se del seu acc\u00e9s o \u00fas.<\/p>\n\n<h3>7. Observacions de l&#8217;usuari<\/h3>\n<p>Les informacions o materials enviats per l&#8217; Usuari al titular es consideraran no confidencials, reservant-se el titular el dret d&#8217; usar-los de la forma que consideri oportuna.<\/p>\n<p>L&#8217;Usuari garanteix que aquesta informaci\u00f3 no infringeix drets de tercers ni la legislaci\u00f3 vigent.<\/p>\n\n<h3>8. Modificacions de l&#8217;av\u00eds legal<\/h3>\n<p>El titular es reserva el dret a modificar el present Av\u00eds legal en qualsevol moment, adaptant-lo a canvis legislatius o a l&#8217;evoluci\u00f3 del lloc web.<\/p>\n<p>Les modificacions seran obligat\u00f2ries des de la seva publicaci\u00f3.<\/p>\n\n<h3>9. Legislaci\u00f3 aplicable i jurisdicci\u00f3<\/h3>\n<p>La relaci\u00f3 entre el titular i l&#8217; Usuari es regir\u00e0 per la normativa espanyola vigent. Per a qualsevol controv\u00e8rsia que pogu\u00e9s derivar-se de l&#8217;acc\u00e9s o \u00fas del lloc web, ambdues parts se sotmeten als Jutjats i Tribunals del domicili de l&#8217;Usuari. <\/p>\n\t\t\t\t\t\t\t\t<\/div>\n\t\t\t\t<\/div>\n\t\t\t\t\t<\/div>\n\t\t\t\t<\/div>\n\t\t\t\t<\/div>\n\t\t","protected":false},"excerpt":{"rendered":"<p>1. Identitat del titular del web En compliment del deure d&#8217;informaci\u00f3 recollit a la Llei 34\/2002, d&#8217;11 de juliol, de Serveis de la Societat de la Informaci\u00f3 i del Comer\u00e7 Electr\u00f2nic (LSSI-CE), s&#8217;informa que el titular d&#8217;aquest lloc web \u00e9s: CL\u00cdNICA DENTAL RAISCarrer Arqu\u00edmedes, 255-259 \u2013 08224 Terrassa (Barcelona)NIF: 46337714-MTel\u00e8fon: 93 785 50 87Correu electr\u00f2nic: [&hellip;]<\/p>\n","protected":false},"author":1,"featured_media":0,"parent":0,"menu_order":0,"comment_status":"closed","ping_status":"closed","template":"","meta":{"footnotes":""},"class_list":["post-1276","page","type-page","status-publish","hentry"],"yoast_head":"<!-- This site is optimized with the Yoast SEO plugin v27.4 - https:\/\/yoast.com\/product\/yoast-seo-wordpress\/ -->\n<title>Av\u00eds Legal &#8226; Cl\u00ednica Dental RAIS a Terrassa<\/title>\n<meta name=\"description\" content=\"Consulta l&#039;av\u00eds legal de Cl\u00ednica Dental RAIS: informaci\u00f3 sobre el titular del lloc, condicions d&#039;\u00fas, propietat intel\u00b7lectual i responsabilitat legal.\" \/>\n<meta name=\"robots\" content=\"index, follow, max-snippet:-1, max-image-preview:large, max-video-preview:-1\" \/>\n<link rel=\"canonical\" href=\"https:\/\/www.clinicadentalrais.es\/ca\/avis-legal\/\" \/>\n<meta property=\"og:locale\" content=\"ca_ES\" \/>\n<meta property=\"og:type\" content=\"article\" \/>\n<meta property=\"og:title\" content=\"Av\u00eds Legal &#8226; Cl\u00ednica Dental RAIS a Terrassa\" \/>\n<meta property=\"og:description\" content=\"Consulta l&#039;av\u00eds legal de Cl\u00ednica Dental RAIS: informaci\u00f3 sobre el titular del lloc, condicions d&#039;\u00fas, propietat intel\u00b7lectual i responsabilitat legal.\" \/>\n<meta property=\"og:url\" content=\"https:\/\/www.clinicadentalrais.es\/ca\/avis-legal\/\" \/>\n<meta property=\"og:site_name\" content=\"Cl\u00ednica Dental RAIS\" \/>\n<meta property=\"article:publisher\" content=\"https:\/\/www.facebook.com\/clinicadentalterrassa\" \/>\n<meta property=\"article:modified_time\" content=\"2025-10-08T08:23:05+00:00\" \/>\n<meta property=\"og:image\" content=\"https:\/\/www.clinicadentalrais.es\/wp-content\/uploads\/2025\/06\/Fachada-CDR-II.jpg\" \/>\n\t<meta property=\"og:image:width\" content=\"1417\" \/>\n\t<meta property=\"og:image:height\" content=\"734\" \/>\n\t<meta property=\"og:image:type\" content=\"image\/jpeg\" \/>\n<meta name=\"twitter:card\" content=\"summary_large_image\" \/>\n<meta name=\"twitter:label1\" content=\"Temps estimat de lectura\" \/>\n\t<meta name=\"twitter:data1\" content=\"3 minuts\" \/>\n<script type=\"application\/ld+json\" class=\"yoast-schema-graph\">{\"@context\":\"https:\\\/\\\/schema.org\",\"@graph\":[{\"@type\":\"WebPage\",\"@id\":\"https:\\\/\\\/www.clinicadentalrais.es\\\/ca\\\/avis-legal\\\/\",\"url\":\"https:\\\/\\\/www.clinicadentalrais.es\\\/ca\\\/avis-legal\\\/\",\"name\":\"Av\u00eds Legal &#8226; Cl\u00ednica Dental RAIS a Terrassa\",\"isPartOf\":{\"@id\":\"https:\\\/\\\/www.clinicadentalrais.es\\\/ca\\\/#website\"},\"datePublished\":\"2025-07-09T11:29:29+00:00\",\"dateModified\":\"2025-10-08T08:23:05+00:00\",\"description\":\"Consulta l'av\u00eds legal de Cl\u00ednica Dental RAIS: informaci\u00f3 sobre el titular del lloc, condicions d'\u00fas, propietat intel\u00b7lectual i responsabilitat legal.\",\"breadcrumb\":{\"@id\":\"https:\\\/\\\/www.clinicadentalrais.es\\\/ca\\\/avis-legal\\\/#breadcrumb\"},\"inLanguage\":\"ca\",\"potentialAction\":[{\"@type\":\"ReadAction\",\"target\":[\"https:\\\/\\\/www.clinicadentalrais.es\\\/ca\\\/avis-legal\\\/\"]}]},{\"@type\":\"BreadcrumbList\",\"@id\":\"https:\\\/\\\/www.clinicadentalrais.es\\\/ca\\\/avis-legal\\\/#breadcrumb\",\"itemListElement\":[{\"@type\":\"ListItem\",\"position\":1,\"name\":\"Portada\",\"item\":\"https:\\\/\\\/www.clinicadentalrais.es\\\/ca\\\/home\\\/\"},{\"@type\":\"ListItem\",\"position\":2,\"name\":\"Av\u00eds Legal\"}]},{\"@type\":\"WebSite\",\"@id\":\"https:\\\/\\\/www.clinicadentalrais.es\\\/ca\\\/#website\",\"url\":\"https:\\\/\\\/www.clinicadentalrais.es\\\/ca\\\/\",\"name\":\"Cl\u00ednica Dental RAIS\",\"description\":\"Cl\u00ednica Dental RAIS en Terrassa. Tecnolog\u00eda y trato cercano\",\"publisher\":{\"@id\":\"https:\\\/\\\/www.clinicadentalrais.es\\\/ca\\\/#organization\"},\"alternateName\":\"Dental RAIS\",\"potentialAction\":[{\"@type\":\"SearchAction\",\"target\":{\"@type\":\"EntryPoint\",\"urlTemplate\":\"https:\\\/\\\/www.clinicadentalrais.es\\\/ca\\\/?s={search_term_string}\"},\"query-input\":{\"@type\":\"PropertyValueSpecification\",\"valueRequired\":true,\"valueName\":\"search_term_string\"}}],\"inLanguage\":\"ca\"},{\"@type\":\"Organization\",\"@id\":\"https:\\\/\\\/www.clinicadentalrais.es\\\/ca\\\/#organization\",\"name\":\"Cl\u00ednica Dental Rais\",\"alternateName\":\"Dental RAIS\",\"url\":\"https:\\\/\\\/www.clinicadentalrais.es\\\/ca\\\/\",\"logo\":{\"@type\":\"ImageObject\",\"inLanguage\":\"ca\",\"@id\":\"https:\\\/\\\/www.clinicadentalrais.es\\\/ca\\\/#\\\/schema\\\/logo\\\/image\\\/\",\"url\":\"https:\\\/\\\/www.clinicadentalrais.es\\\/wp-content\\\/uploads\\\/2025\\\/06\\\/02-dental-RAIS-Gris-600x600-1.png\",\"contentUrl\":\"https:\\\/\\\/www.clinicadentalrais.es\\\/wp-content\\\/uploads\\\/2025\\\/06\\\/02-dental-RAIS-Gris-600x600-1.png\",\"width\":600,\"height\":600,\"caption\":\"Cl\u00ednica Dental Rais\"},\"image\":{\"@id\":\"https:\\\/\\\/www.clinicadentalrais.es\\\/ca\\\/#\\\/schema\\\/logo\\\/image\\\/\"},\"sameAs\":[\"https:\\\/\\\/www.facebook.com\\\/clinicadentalterrassa\",\"https:\\\/\\\/www.instagram.com\\\/clinicadentalrais\\\/\"]}]}<\/script>\n<!-- \/ Yoast SEO plugin. -->","yoast_head_json":{"title":"Av\u00eds Legal &#8226; Cl\u00ednica Dental RAIS a Terrassa","description":"Consulta l'av\u00eds legal de Cl\u00ednica Dental RAIS: informaci\u00f3 sobre el titular del lloc, condicions d'\u00fas, propietat intel\u00b7lectual i responsabilitat legal.","robots":{"index":"index","follow":"follow","max-snippet":"max-snippet:-1","max-image-preview":"max-image-preview:large","max-video-preview":"max-video-preview:-1"},"canonical":"https:\/\/www.clinicadentalrais.es\/ca\/avis-legal\/","og_locale":"ca_ES","og_type":"article","og_title":"Av\u00eds Legal &#8226; Cl\u00ednica Dental RAIS a Terrassa","og_description":"Consulta l'av\u00eds legal de Cl\u00ednica Dental RAIS: informaci\u00f3 sobre el titular del lloc, condicions d'\u00fas, propietat intel\u00b7lectual i responsabilitat legal.","og_url":"https:\/\/www.clinicadentalrais.es\/ca\/avis-legal\/","og_site_name":"Cl\u00ednica Dental RAIS","article_publisher":"https:\/\/www.facebook.com\/clinicadentalterrassa","article_modified_time":"2025-10-08T08:23:05+00:00","og_image":[{"width":1417,"height":734,"url":"https:\/\/www.clinicadentalrais.es\/wp-content\/uploads\/2025\/06\/Fachada-CDR-II.jpg","type":"image\/jpeg"}],"twitter_card":"summary_large_image","twitter_misc":{"Temps estimat de lectura":"3 minuts"},"schema":{"@context":"https:\/\/schema.org","@graph":[{"@type":"WebPage","@id":"https:\/\/www.clinicadentalrais.es\/ca\/avis-legal\/","url":"https:\/\/www.clinicadentalrais.es\/ca\/avis-legal\/","name":"Av\u00eds Legal &#8226; Cl\u00ednica Dental RAIS a Terrassa","isPartOf":{"@id":"https:\/\/www.clinicadentalrais.es\/ca\/#website"},"datePublished":"2025-07-09T11:29:29+00:00","dateModified":"2025-10-08T08:23:05+00:00","description":"Consulta l'av\u00eds legal de Cl\u00ednica Dental RAIS: informaci\u00f3 sobre el titular del lloc, condicions d'\u00fas, propietat intel\u00b7lectual i responsabilitat legal.","breadcrumb":{"@id":"https:\/\/www.clinicadentalrais.es\/ca\/avis-legal\/#breadcrumb"},"inLanguage":"ca","potentialAction":[{"@type":"ReadAction","target":["https:\/\/www.clinicadentalrais.es\/ca\/avis-legal\/"]}]},{"@type":"BreadcrumbList","@id":"https:\/\/www.clinicadentalrais.es\/ca\/avis-legal\/#breadcrumb","itemListElement":[{"@type":"ListItem","position":1,"name":"Portada","item":"https:\/\/www.clinicadentalrais.es\/ca\/home\/"},{"@type":"ListItem","position":2,"name":"Av\u00eds Legal"}]},{"@type":"WebSite","@id":"https:\/\/www.clinicadentalrais.es\/ca\/#website","url":"https:\/\/www.clinicadentalrais.es\/ca\/","name":"Cl\u00ednica Dental RAIS","description":"Cl\u00ednica Dental RAIS en Terrassa. Tecnolog\u00eda y trato cercano","publisher":{"@id":"https:\/\/www.clinicadentalrais.es\/ca\/#organization"},"alternateName":"Dental RAIS","potentialAction":[{"@type":"SearchAction","target":{"@type":"EntryPoint","urlTemplate":"https:\/\/www.clinicadentalrais.es\/ca\/?s={search_term_string}"},"query-input":{"@type":"PropertyValueSpecification","valueRequired":true,"valueName":"search_term_string"}}],"inLanguage":"ca"},{"@type":"Organization","@id":"https:\/\/www.clinicadentalrais.es\/ca\/#organization","name":"Cl\u00ednica Dental Rais","alternateName":"Dental RAIS","url":"https:\/\/www.clinicadentalrais.es\/ca\/","logo":{"@type":"ImageObject","inLanguage":"ca","@id":"https:\/\/www.clinicadentalrais.es\/ca\/#\/schema\/logo\/image\/","url":"https:\/\/www.clinicadentalrais.es\/wp-content\/uploads\/2025\/06\/02-dental-RAIS-Gris-600x600-1.png","contentUrl":"https:\/\/www.clinicadentalrais.es\/wp-content\/uploads\/2025\/06\/02-dental-RAIS-Gris-600x600-1.png","width":600,"height":600,"caption":"Cl\u00ednica Dental Rais"},"image":{"@id":"https:\/\/www.clinicadentalrais.es\/ca\/#\/schema\/logo\/image\/"},"sameAs":["https:\/\/www.facebook.com\/clinicadentalterrassa","https:\/\/www.instagram.com\/clinicadentalrais\/"]}]}},"_links":{"self":[{"href":"https:\/\/www.clinicadentalrais.es\/ca\/wp-json\/wp\/v2\/pages\/1276","targetHints":{"allow":["GET"]}}],"collection":[{"href":"https:\/\/www.clinicadentalrais.es\/ca\/wp-json\/wp\/v2\/pages"}],"about":[{"href":"https:\/\/www.clinicadentalrais.es\/ca\/wp-json\/wp\/v2\/types\/page"}],"author":[{"embeddable":true,"href":"https:\/\/www.clinicadentalrais.es\/ca\/wp-json\/wp\/v2\/users\/1"}],"replies":[{"embeddable":true,"href":"https:\/\/www.clinicadentalrais.es\/ca\/wp-json\/wp\/v2\/comments?post=1276"}],"version-history":[{"count":0,"href":"https:\/\/www.clinicadentalrais.es\/ca\/wp-json\/wp\/v2\/pages\/1276\/revisions"}],"wp:attachment":[{"href":"https:\/\/www.clinicadentalrais.es\/ca\/wp-json\/wp\/v2\/media?parent=1276"}],"curies":[{"name":"wp","href":"https:\/\/api.w.org\/{rel}","templated":true}]}}