{"id":1455,"date":"2025-09-23T18:44:06","date_gmt":"2025-09-23T16:44:06","guid":{"rendered":"https:\/\/www.clinicadentalrais.es\/demanar-cita\/"},"modified":"2025-09-29T12:23:55","modified_gmt":"2025-09-29T10:23:55","slug":"demanar-cita","status":"publish","type":"page","link":"https:\/\/www.clinicadentalrais.es\/ca\/demanar-cita\/","title":{"rendered":"Demanar Cita"},"content":{"rendered":"\t\t<div data-elementor-type=\"wp-page\" data-elementor-id=\"1455\" class=\"elementor elementor-1455 elementor-1443\" data-elementor-post-type=\"page\">\n\t\t\t\t<div class=\"elementor-element elementor-element-ff64014 e-flex e-con-boxed e-con e-parent\" data-id=\"ff64014\" data-element_type=\"container\" data-e-type=\"container\" data-settings=\"{&quot;background_background&quot;:&quot;classic&quot;,&quot;jet_parallax_layout_list&quot;:[]}\">\n\t\t\t\t\t<div class=\"e-con-inner\">\n\t\t\t\t<div class=\"elementor-element elementor-element-6f13882 elementor-widget elementor-widget-heading\" data-id=\"6f13882\" data-element_type=\"widget\" data-e-type=\"widget\" data-widget_type=\"heading.default\">\n\t\t\t\t<div class=\"elementor-widget-container\">\n\t\t\t\t\t<h1 class=\"elementor-heading-title elementor-size-default\">Vols demanar una cita?<\/h1>\t\t\t\t<\/div>\n\t\t\t\t<\/div>\n\t\t\t\t<div class=\"elementor-element elementor-element-2024bd2 elementor-invisible elementor-widget elementor-widget-heading\" data-id=\"2024bd2\" data-element_type=\"widget\" data-e-type=\"widget\" data-settings=\"{&quot;_animation&quot;:&quot;fadeInUp&quot;}\" data-widget_type=\"heading.default\">\n\t\t\t\t<div class=\"elementor-widget-container\">\n\t\t\t\t\t<h2 class=\"elementor-heading-title elementor-size-default\">Contacta'ns<\/h2>\t\t\t\t<\/div>\n\t\t\t\t<\/div>\n\t\t\t\t\t<\/div>\n\t\t\t\t<\/div>\n\t\t<div class=\"elementor-element elementor-element-97d14bb e-flex e-con-boxed e-con e-parent\" data-id=\"97d14bb\" data-element_type=\"container\" data-e-type=\"container\" data-settings=\"{&quot;jet_parallax_layout_list&quot;:[]}\">\n\t\t\t\t\t<div class=\"e-con-inner\">\n\t\t\t\t<div class=\"elementor-element elementor-element-e67568a elementor-button-align-stretch elementor-widget elementor-widget-form\" data-id=\"e67568a\" data-element_type=\"widget\" data-e-type=\"widget\" data-settings=\"{&quot;step_next_label&quot;:&quot;Seg\\u00fcent&quot;,&quot;step_previous_label&quot;:&quot;Anterior&quot;,&quot;button_width&quot;:&quot;100&quot;,&quot;step_type&quot;:&quot;number_text&quot;,&quot;step_icon_shape&quot;:&quot;circle&quot;}\" data-widget_type=\"form.default\">\n\t\t\t\t<div class=\"elementor-widget-container\">\n\t\t\t\t\t\t\t<form class=\"elementor-form\" method=\"post\" name=\"Formulari de Contacte\" aria-label=\"Formulari de Contacte\">\n\t\t\t<input type=\"hidden\" name=\"post_id\" value=\"1455\"\/>\n\t\t\t<input type=\"hidden\" name=\"form_id\" value=\"e67568a\"\/>\n\t\t\t<input type=\"hidden\" name=\"referer_title\" value=\"Cl\u00ednica Dental RAIS\" \/>\n\n\t\t\t\n\t\t\t<div class=\"elementor-form-fields-wrapper elementor-labels-above\">\n\t\t\t\t\t\t\t\t<div class=\"elementor-field-type-text elementor-field-group elementor-column elementor-field-group-name elementor-col-100\">\n\t\t\t\t\t\t\t\t\t\t\t\t<label for=\"form-field-name\" class=\"elementor-field-label\">\n\t\t\t\t\t\t\t\tNom\t\t\t\t\t\t\t<\/label>\n\t\t\t\t\t\t\t\t\t\t\t\t\t\t<input size=\"1\" type=\"text\" name=\"form_fields[name]\" id=\"form-field-name\" class=\"elementor-field elementor-size-sm  elementor-field-textual\" placeholder=\"Nom\">\n\t\t\t\t\t\t\t\t\t\t\t<\/div>\n\t\t\t\t\t\t\t\t<div class=\"elementor-field-type-email elementor-field-group elementor-column elementor-field-group-email elementor-col-100 elementor-field-required\">\n\t\t\t\t\t\t\t\t\t\t\t\t<label for=\"form-field-email\" class=\"elementor-field-label\">\n\t\t\t\t\t\t\t\tCorreu electr\u00f2nic\t\t\t\t\t\t\t<\/label>\n\t\t\t\t\t\t\t\t\t\t\t\t\t\t<input size=\"1\" type=\"email\" name=\"form_fields[email]\" id=\"form-field-email\" class=\"elementor-field elementor-size-sm  elementor-field-textual\" placeholder=\"Correu electr\u00f2nic\" required=\"required\">\n\t\t\t\t\t\t\t\t\t\t\t<\/div>\n\t\t\t\t\t\t\t\t<div class=\"elementor-field-type-tel elementor-field-group elementor-column elementor-field-group-field_0813fe5 elementor-col-100 elementor-field-required\">\n\t\t\t\t\t\t\t\t\t\t\t\t<label for=\"form-field-field_0813fe5\" class=\"elementor-field-label\">\n\t\t\t\t\t\t\t\tTel\u00e8fon\t\t\t\t\t\t\t<\/label>\n\t\t\t\t\t\t\t\t<input size=\"1\" type=\"tel\" name=\"form_fields[field_0813fe5]\" id=\"form-field-field_0813fe5\" class=\"elementor-field elementor-size-sm  elementor-field-textual\" placeholder=\"Tel\u00e8fon\" required=\"required\" pattern=\"[0-9()#&amp;+*-=.]+\" title=\"Only numbers and phone characters (#, -, *, etc) are accepted.\">\n\n\t\t\t\t\t\t<\/div>\n\t\t\t\t\t\t\t\t<div class=\"elementor-field-type-textarea elementor-field-group elementor-column elementor-field-group-message elementor-col-100\">\n\t\t\t\t\t\t\t\t\t\t\t\t<label for=\"form-field-message\" class=\"elementor-field-label\">\n\t\t\t\t\t\t\t\tMissatge\t\t\t\t\t\t\t<\/label>\n\t\t\t\t\t\t<textarea class=\"elementor-field-textual elementor-field  elementor-size-sm\" name=\"form_fields[message]\" id=\"form-field-message\" rows=\"4\" placeholder=\"Missatge\"><\/textarea>\t\t\t\t<\/div>\n\t\t\t\t\t\t\t\t<div class=\"elementor-field-type-recaptcha_v3 elementor-field-group elementor-column elementor-field-group-field_3cc0fc9 elementor-col-100 recaptcha_v3-bottomright\">\n\t\t\t\t\t<div class=\"elementor-field\" id=\"form-field-field_3cc0fc9\"><div class=\"elementor-g-recaptcha\" data-sitekey=\"6LfFjecUAAAAAHJrhY-FoLbo2LjvQiU3xg0DUNSA\" data-type=\"v3\" data-action=\"Form\" data-badge=\"bottomright\" data-size=\"invisible\"><\/div><\/div>\t\t\t\t<\/div>\n\t\t\t\t\t\t\t\t<div class=\"elementor-field-group elementor-column elementor-field-type-submit elementor-col-100 e-form__buttons\">\n\t\t\t\t\t<button class=\"elementor-button elementor-size-sm\" type=\"submit\">\n\t\t\t\t\t\t<span class=\"elementor-button-content-wrapper\">\n\t\t\t\t\t\t\t\t\t\t\t\t\t\t\t\t\t\t\t\t\t\t<span class=\"elementor-button-text\">Enviar<\/span>\n\t\t\t\t\t\t\t\t\t\t\t\t\t<\/span>\n\t\t\t\t\t<\/button>\n\t\t\t\t<\/div>\n\t\t\t<\/div>\n\t\t<\/form>\n\t\t\t\t\t\t<\/div>\n\t\t\t\t<\/div>\n\t\t\t\t\t<\/div>\n\t\t\t\t<\/div>\n\t\t\t\t<\/div>\n\t\t","protected":false},"excerpt":{"rendered":"<p>Vols demanar una cita? Contacta&#8217;ns<\/p>\n","protected":false},"author":1,"featured_media":0,"parent":0,"menu_order":0,"comment_status":"closed","ping_status":"closed","template":"","meta":{"footnotes":""},"class_list":["post-1455","page","type-page","status-publish","hentry"],"yoast_head":"<!-- This site is optimized with the Yoast SEO plugin v27.4 - https:\/\/yoast.com\/product\/yoast-seo-wordpress\/ -->\n<title>Demanar Cita &#8226; Cl\u00ednica Dental RAIS a Terrassa<\/title>\n<meta name=\"description\" content=\"Demana Cita a Cl\u00ednica Dental RAIS de Terrassa. Comptem amb el millor equip d&#039;especialistes bucodentals. T&#039;esperem!\" \/>\n<meta name=\"robots\" content=\"index, follow, max-snippet:-1, max-image-preview:large, max-video-preview:-1\" \/>\n<link rel=\"canonical\" href=\"https:\/\/www.clinicadentalrais.es\/ca\/demanar-cita\/\" \/>\n<meta property=\"og:locale\" content=\"ca_ES\" \/>\n<meta property=\"og:type\" content=\"article\" \/>\n<meta property=\"og:title\" content=\"Demanar Cita &#8226; Cl\u00ednica Dental RAIS a Terrassa\" \/>\n<meta property=\"og:description\" content=\"Demana Cita a Cl\u00ednica Dental RAIS de Terrassa. Comptem amb el millor equip d&#039;especialistes bucodentals. T&#039;esperem!\" \/>\n<meta property=\"og:url\" content=\"https:\/\/www.clinicadentalrais.es\/ca\/demanar-cita\/\" \/>\n<meta property=\"og:site_name\" content=\"Cl\u00ednica Dental RAIS\" \/>\n<meta property=\"article:publisher\" content=\"https:\/\/www.facebook.com\/clinicadentalterrassa\" \/>\n<meta property=\"article:modified_time\" content=\"2025-09-29T10:23:55+00:00\" \/>\n<meta property=\"og:image\" content=\"https:\/\/www.clinicadentalrais.es\/wp-content\/uploads\/2025\/06\/Fachada-CDR-II.jpg\" \/>\n\t<meta property=\"og:image:width\" content=\"1417\" \/>\n\t<meta property=\"og:image:height\" content=\"734\" \/>\n\t<meta property=\"og:image:type\" content=\"image\/jpeg\" \/>\n<meta name=\"twitter:card\" content=\"summary_large_image\" \/>\n<script type=\"application\/ld+json\" class=\"yoast-schema-graph\">{\"@context\":\"https:\\\/\\\/schema.org\",\"@graph\":[{\"@type\":\"WebPage\",\"@id\":\"https:\\\/\\\/www.clinicadentalrais.es\\\/ca\\\/demanar-cita\\\/\",\"url\":\"https:\\\/\\\/www.clinicadentalrais.es\\\/ca\\\/demanar-cita\\\/\",\"name\":\"Demanar Cita &#8226; Cl\u00ednica Dental RAIS a Terrassa\",\"isPartOf\":{\"@id\":\"https:\\\/\\\/www.clinicadentalrais.es\\\/ca\\\/#website\"},\"datePublished\":\"2025-09-23T16:44:06+00:00\",\"dateModified\":\"2025-09-29T10:23:55+00:00\",\"description\":\"Demana Cita a Cl\u00ednica Dental RAIS de Terrassa. Comptem amb el millor equip d'especialistes bucodentals. T'esperem!\",\"breadcrumb\":{\"@id\":\"https:\\\/\\\/www.clinicadentalrais.es\\\/ca\\\/demanar-cita\\\/#breadcrumb\"},\"inLanguage\":\"ca\",\"potentialAction\":[{\"@type\":\"ReadAction\",\"target\":[\"https:\\\/\\\/www.clinicadentalrais.es\\\/ca\\\/demanar-cita\\\/\"]}]},{\"@type\":\"BreadcrumbList\",\"@id\":\"https:\\\/\\\/www.clinicadentalrais.es\\\/ca\\\/demanar-cita\\\/#breadcrumb\",\"itemListElement\":[{\"@type\":\"ListItem\",\"position\":1,\"name\":\"Portada\",\"item\":\"https:\\\/\\\/www.clinicadentalrais.es\\\/ca\\\/home\\\/\"},{\"@type\":\"ListItem\",\"position\":2,\"name\":\"Demanar Cita\"}]},{\"@type\":\"WebSite\",\"@id\":\"https:\\\/\\\/www.clinicadentalrais.es\\\/ca\\\/#website\",\"url\":\"https:\\\/\\\/www.clinicadentalrais.es\\\/ca\\\/\",\"name\":\"Cl\u00ednica Dental RAIS\",\"description\":\"Cl\u00ednica Dental RAIS en Terrassa. Tecnolog\u00eda y trato cercano\",\"publisher\":{\"@id\":\"https:\\\/\\\/www.clinicadentalrais.es\\\/ca\\\/#organization\"},\"alternateName\":\"Dental RAIS\",\"potentialAction\":[{\"@type\":\"SearchAction\",\"target\":{\"@type\":\"EntryPoint\",\"urlTemplate\":\"https:\\\/\\\/www.clinicadentalrais.es\\\/ca\\\/?s={search_term_string}\"},\"query-input\":{\"@type\":\"PropertyValueSpecification\",\"valueRequired\":true,\"valueName\":\"search_term_string\"}}],\"inLanguage\":\"ca\"},{\"@type\":\"Organization\",\"@id\":\"https:\\\/\\\/www.clinicadentalrais.es\\\/ca\\\/#organization\",\"name\":\"Cl\u00ednica Dental Rais\",\"alternateName\":\"Dental RAIS\",\"url\":\"https:\\\/\\\/www.clinicadentalrais.es\\\/ca\\\/\",\"logo\":{\"@type\":\"ImageObject\",\"inLanguage\":\"ca\",\"@id\":\"https:\\\/\\\/www.clinicadentalrais.es\\\/ca\\\/#\\\/schema\\\/logo\\\/image\\\/\",\"url\":\"https:\\\/\\\/www.clinicadentalrais.es\\\/wp-content\\\/uploads\\\/2025\\\/06\\\/02-dental-RAIS-Gris-600x600-1.png\",\"contentUrl\":\"https:\\\/\\\/www.clinicadentalrais.es\\\/wp-content\\\/uploads\\\/2025\\\/06\\\/02-dental-RAIS-Gris-600x600-1.png\",\"width\":600,\"height\":600,\"caption\":\"Cl\u00ednica Dental Rais\"},\"image\":{\"@id\":\"https:\\\/\\\/www.clinicadentalrais.es\\\/ca\\\/#\\\/schema\\\/logo\\\/image\\\/\"},\"sameAs\":[\"https:\\\/\\\/www.facebook.com\\\/clinicadentalterrassa\",\"https:\\\/\\\/www.instagram.com\\\/clinicadentalrais\\\/\"]}]}<\/script>\n<!-- \/ Yoast SEO plugin. -->","yoast_head_json":{"title":"Demanar Cita &#8226; Cl\u00ednica Dental RAIS a Terrassa","description":"Demana Cita a Cl\u00ednica Dental RAIS de Terrassa. Comptem amb el millor equip d'especialistes bucodentals. T'esperem!","robots":{"index":"index","follow":"follow","max-snippet":"max-snippet:-1","max-image-preview":"max-image-preview:large","max-video-preview":"max-video-preview:-1"},"canonical":"https:\/\/www.clinicadentalrais.es\/ca\/demanar-cita\/","og_locale":"ca_ES","og_type":"article","og_title":"Demanar Cita &#8226; Cl\u00ednica Dental RAIS a Terrassa","og_description":"Demana Cita a Cl\u00ednica Dental RAIS de Terrassa. Comptem amb el millor equip d'especialistes bucodentals. T'esperem!","og_url":"https:\/\/www.clinicadentalrais.es\/ca\/demanar-cita\/","og_site_name":"Cl\u00ednica Dental RAIS","article_publisher":"https:\/\/www.facebook.com\/clinicadentalterrassa","article_modified_time":"2025-09-29T10:23:55+00:00","og_image":[{"width":1417,"height":734,"url":"https:\/\/www.clinicadentalrais.es\/wp-content\/uploads\/2025\/06\/Fachada-CDR-II.jpg","type":"image\/jpeg"}],"twitter_card":"summary_large_image","schema":{"@context":"https:\/\/schema.org","@graph":[{"@type":"WebPage","@id":"https:\/\/www.clinicadentalrais.es\/ca\/demanar-cita\/","url":"https:\/\/www.clinicadentalrais.es\/ca\/demanar-cita\/","name":"Demanar Cita &#8226; Cl\u00ednica Dental RAIS a Terrassa","isPartOf":{"@id":"https:\/\/www.clinicadentalrais.es\/ca\/#website"},"datePublished":"2025-09-23T16:44:06+00:00","dateModified":"2025-09-29T10:23:55+00:00","description":"Demana Cita a Cl\u00ednica Dental RAIS de Terrassa. Comptem amb el millor equip d'especialistes bucodentals. T'esperem!","breadcrumb":{"@id":"https:\/\/www.clinicadentalrais.es\/ca\/demanar-cita\/#breadcrumb"},"inLanguage":"ca","potentialAction":[{"@type":"ReadAction","target":["https:\/\/www.clinicadentalrais.es\/ca\/demanar-cita\/"]}]},{"@type":"BreadcrumbList","@id":"https:\/\/www.clinicadentalrais.es\/ca\/demanar-cita\/#breadcrumb","itemListElement":[{"@type":"ListItem","position":1,"name":"Portada","item":"https:\/\/www.clinicadentalrais.es\/ca\/home\/"},{"@type":"ListItem","position":2,"name":"Demanar Cita"}]},{"@type":"WebSite","@id":"https:\/\/www.clinicadentalrais.es\/ca\/#website","url":"https:\/\/www.clinicadentalrais.es\/ca\/","name":"Cl\u00ednica Dental RAIS","description":"Cl\u00ednica Dental RAIS en Terrassa. Tecnolog\u00eda y trato cercano","publisher":{"@id":"https:\/\/www.clinicadentalrais.es\/ca\/#organization"},"alternateName":"Dental RAIS","potentialAction":[{"@type":"SearchAction","target":{"@type":"EntryPoint","urlTemplate":"https:\/\/www.clinicadentalrais.es\/ca\/?s={search_term_string}"},"query-input":{"@type":"PropertyValueSpecification","valueRequired":true,"valueName":"search_term_string"}}],"inLanguage":"ca"},{"@type":"Organization","@id":"https:\/\/www.clinicadentalrais.es\/ca\/#organization","name":"Cl\u00ednica Dental Rais","alternateName":"Dental RAIS","url":"https:\/\/www.clinicadentalrais.es\/ca\/","logo":{"@type":"ImageObject","inLanguage":"ca","@id":"https:\/\/www.clinicadentalrais.es\/ca\/#\/schema\/logo\/image\/","url":"https:\/\/www.clinicadentalrais.es\/wp-content\/uploads\/2025\/06\/02-dental-RAIS-Gris-600x600-1.png","contentUrl":"https:\/\/www.clinicadentalrais.es\/wp-content\/uploads\/2025\/06\/02-dental-RAIS-Gris-600x600-1.png","width":600,"height":600,"caption":"Cl\u00ednica Dental Rais"},"image":{"@id":"https:\/\/www.clinicadentalrais.es\/ca\/#\/schema\/logo\/image\/"},"sameAs":["https:\/\/www.facebook.com\/clinicadentalterrassa","https:\/\/www.instagram.com\/clinicadentalrais\/"]}]}},"_links":{"self":[{"href":"https:\/\/www.clinicadentalrais.es\/ca\/wp-json\/wp\/v2\/pages\/1455","targetHints":{"allow":["GET"]}}],"collection":[{"href":"https:\/\/www.clinicadentalrais.es\/ca\/wp-json\/wp\/v2\/pages"}],"about":[{"href":"https:\/\/www.clinicadentalrais.es\/ca\/wp-json\/wp\/v2\/types\/page"}],"author":[{"embeddable":true,"href":"https:\/\/www.clinicadentalrais.es\/ca\/wp-json\/wp\/v2\/users\/1"}],"replies":[{"embeddable":true,"href":"https:\/\/www.clinicadentalrais.es\/ca\/wp-json\/wp\/v2\/comments?post=1455"}],"version-history":[{"count":0,"href":"https:\/\/www.clinicadentalrais.es\/ca\/wp-json\/wp\/v2\/pages\/1455\/revisions"}],"wp:attachment":[{"href":"https:\/\/www.clinicadentalrais.es\/ca\/wp-json\/wp\/v2\/media?parent=1455"}],"curies":[{"name":"wp","href":"https:\/\/api.w.org\/{rel}","templated":true}]}}